{"id":1442,"date":"2019-04-25T23:38:24","date_gmt":"2019-04-25T21:38:24","guid":{"rendered":"http:\/\/kutenhausen.de\/?page_id=1442"},"modified":"2019-04-25T23:40:15","modified_gmt":"2019-04-25T21:40:15","slug":"kochgruppe","status":"publish","type":"page","link":"https:\/\/kutenhausen.de\/?page_id=1442","title":{"rendered":"Kochgruppe"},"content":{"rendered":"\n<figure class=\"wp-block-image\"><img loading=\"lazy\" decoding=\"async\" width=\"1024\" height=\"683\" src=\"https:\/\/kutenhausen.de\/wp-content\/uploads\/2019\/04\/Die-Kochgruppe-1-1024x683.jpg\" alt=\"\" class=\"wp-image-1443\" srcset=\"https:\/\/kutenhausen.de\/wp-content\/uploads\/2019\/04\/Die-Kochgruppe-1-1024x683.jpg 1024w, https:\/\/kutenhausen.de\/wp-content\/uploads\/2019\/04\/Die-Kochgruppe-1-300x200.jpg 300w, https:\/\/kutenhausen.de\/wp-content\/uploads\/2019\/04\/Die-Kochgruppe-1-768x512.jpg 768w, https:\/\/kutenhausen.de\/wp-content\/uploads\/2019\/04\/Die-Kochgruppe-1-450x300.jpg 450w\" sizes=\"auto, (max-width: 1024px) 100vw, 1024px\" \/><\/figure>\n\n\n\n<p>Seit Anfang April 2019 gibt es im Heimatverein Kutenhausen eine neue Gruppierung, die zuk\u00fcnftig jeden ersten Mittwoch  im Monat zu einem gemeinsamen Mittagessen in das Heimathaus Kutenhausen einl\u00e4dt, um so die generations\u00fcbergreifende Kommunikation im Dorf zu st\u00e4rken. Als &#8222;Erstlingswerk&#8220; hatte die Kochgruppe den Eintopf &#8222;Westf\u00e4lisches  Blindhuhn&#8220; zubereitet, der zur Freude der Hobbyk\u00f6chinnen den Geschmacksnerv der fast drei\u00dfig G\u00e4ste traf, die sich um die Mittagszeit im Heimathaus einfanden.\u00a0 Das Essen ist kostenlos, Spenden sind aber  sehr willkommen. Die Zutaten werden in Kutenhausen eingekauft, so Ortsvorsteherin Birgitt Keil. Die Einladung richtet  sich nicht nur an Heimatvereinsmitglieder und macht auch nicht an der Dorfgrenze halt.  <\/p>\n","protected":false},"excerpt":{"rendered":"<p>Seit Anfang April 2019 gibt es im Heimatverein Kutenhausen eine neue Gruppierung, die zuk\u00fcnftig jeden ersten Mittwoch im Monat zu einem gemeinsamen Mittagessen in das Heimathaus Kutenhausen einl\u00e4dt, um so die generations\u00fcbergreifende Kommunikation im Dorf zu st\u00e4rken. Als &#8222;Erstlingswerk&#8220; hatte &hellip; <a href=\"https:\/\/kutenhausen.de\/?page_id=1442\">Weiterlesen <span class=\"meta-nav\">&rarr;<\/span><\/a><\/p>\n","protected":false},"author":1,"featured_media":0,"parent":72,"menu_order":6,"comment_status":"closed","ping_status":"closed","template":"","meta":{"footnotes":""},"class_list":["post-1442","page","type-page","status-publish","hentry"],"_links":{"self":[{"href":"https:\/\/kutenhausen.de\/index.php?rest_route=\/wp\/v2\/pages\/1442","targetHints":{"allow":["GET"]}}],"collection":[{"href":"https:\/\/kutenhausen.de\/index.php?rest_route=\/wp\/v2\/pages"}],"about":[{"href":"https:\/\/kutenhausen.de\/index.php?rest_route=\/wp\/v2\/types\/page"}],"author":[{"embeddable":true,"href":"https:\/\/kutenhausen.de\/index.php?rest_route=\/wp\/v2\/users\/1"}],"replies":[{"embeddable":true,"href":"https:\/\/kutenhausen.de\/index.php?rest_route=%2Fwp%2Fv2%2Fcomments&post=1442"}],"version-history":[{"count":1,"href":"https:\/\/kutenhausen.de\/index.php?rest_route=\/wp\/v2\/pages\/1442\/revisions"}],"predecessor-version":[{"id":1444,"href":"https:\/\/kutenhausen.de\/index.php?rest_route=\/wp\/v2\/pages\/1442\/revisions\/1444"}],"up":[{"embeddable":true,"href":"https:\/\/kutenhausen.de\/index.php?rest_route=\/wp\/v2\/pages\/72"}],"wp:attachment":[{"href":"https:\/\/kutenhausen.de\/index.php?rest_route=%2Fwp%2Fv2%2Fmedia&parent=1442"}],"curies":[{"name":"wp","href":"https:\/\/api.w.org\/{rel}","templated":true}]}}