{"id":155,"date":"2014-10-19T13:20:15","date_gmt":"2014-10-19T11:20:15","guid":{"rendered":"http:\/\/kutenhausen.de\/?page_id=155"},"modified":"2026-03-28T18:54:39","modified_gmt":"2026-03-28T17:54:39","slug":"kreistag","status":"publish","type":"page","link":"https:\/\/kutenhausen.de\/?page_id=155","title":{"rendered":"Kreistag"},"content":{"rendered":"<p>Kreistagsmitglied im Wahlbezirk Kutenhausen\/Todtenhausen\/Stemmer\/Leteln ist seit 2025 Kerstin Schmidt-R\u00f6sener (SPD).<\/p>\n<p>Kontakt:<\/p>\n<p>Kerstin Schmidt-R\u00f6sener<\/p>\n<p>Nordholzer Stra\u00dfe 30<\/p>\n<p>32425 Minden<\/p>\n<p>email: kerstin.schmidt@demographie-lokal.de<\/p>\n","protected":false},"excerpt":{"rendered":"<p>Kreistagsmitglied im Wahlbezirk Kutenhausen\/Todtenhausen\/Stemmer\/Leteln ist seit 2025 Kerstin Schmidt-R\u00f6sener (SPD). Kontakt: Kerstin Schmidt-R\u00f6sener Nordholzer Stra\u00dfe 30 32425 Minden email: kerstin.schmidt@demographie-lokal.de<\/p>\n","protected":false},"author":1,"featured_media":0,"parent":145,"menu_order":3,"comment_status":"closed","ping_status":"closed","template":"","meta":{"footnotes":""},"class_list":["post-155","page","type-page","status-publish","hentry"],"_links":{"self":[{"href":"https:\/\/kutenhausen.de\/index.php?rest_route=\/wp\/v2\/pages\/155","targetHints":{"allow":["GET"]}}],"collection":[{"href":"https:\/\/kutenhausen.de\/index.php?rest_route=\/wp\/v2\/pages"}],"about":[{"href":"https:\/\/kutenhausen.de\/index.php?rest_route=\/wp\/v2\/types\/page"}],"author":[{"embeddable":true,"href":"https:\/\/kutenhausen.de\/index.php?rest_route=\/wp\/v2\/users\/1"}],"replies":[{"embeddable":true,"href":"https:\/\/kutenhausen.de\/index.php?rest_route=%2Fwp%2Fv2%2Fcomments&post=155"}],"version-history":[{"count":4,"href":"https:\/\/kutenhausen.de\/index.php?rest_route=\/wp\/v2\/pages\/155\/revisions"}],"predecessor-version":[{"id":2049,"href":"https:\/\/kutenhausen.de\/index.php?rest_route=\/wp\/v2\/pages\/155\/revisions\/2049"}],"up":[{"embeddable":true,"href":"https:\/\/kutenhausen.de\/index.php?rest_route=\/wp\/v2\/pages\/145"}],"wp:attachment":[{"href":"https:\/\/kutenhausen.de\/index.php?rest_route=%2Fwp%2Fv2%2Fmedia&parent=155"}],"curies":[{"name":"wp","href":"https:\/\/api.w.org\/{rel}","templated":true}]}}