{"id":395,"date":"2016-02-28T17:53:58","date_gmt":"2016-02-28T16:53:58","guid":{"rendered":"http:\/\/kutenhausen.de\/?page_id=395"},"modified":"2016-02-28T17:55:15","modified_gmt":"2016-02-28T16:55:15","slug":"nrw-stiftung","status":"publish","type":"page","link":"https:\/\/kutenhausen.de\/?page_id=395","title":{"rendered":"NRW-Stiftung"},"content":{"rendered":"<p><strong>Die NRW-Stiftung: F\u00f6rderer des Heimatvereins Kutenhausen<\/strong><\/p>\n<p>Nordrhein-Westfalen ist etwas Besonderes: Vom Hochsauerland bis zur niederrheinischen Tiefebene sind seine Regionen vielf\u00e4ltig. Menschen und Landschaften, Bauwerke, Kultur und Sprache machen das Land unverwechselbar. Vielen Menschen in NRW ist ihre Heimat ein &#8222;Zuhause&#8220;, f\u00fcr das sie sich gerne engagieren.<\/p>\n<p>Die Nordrhein-Westfalen-Stiftung unterst\u00fctzt dieses Anliegen. Sie wurde 1986 von der Landesregierung zum 40. Geburtstag des Landes NRW gegr\u00fcndet und hilft seitdem gemeinn\u00fctzigen Vereinen, Verb\u00e4nden und ehrenamtlich arbeitenden Gruppen, die sich in NRW f\u00fcr den Naturschutz und die Heimat- und Kulturpflege einsetzen.<\/p>\n<p>Das Themenspektrum der NRW-Stiftung hat viele Facetten:<\/p>\n<p>Im Naturschutz liegt ein Schwerpunkt im Erwerb schutzw\u00fcrdiger Fl\u00e4chen, um gef\u00e4hrdeten Tieren und Pflanzen einen geeigneten Lebensraum auf Dauer zu erhalten. Hier reicht das Spektrum von der Weser-Niederung im Kreis Minden-L\u00fcbbecke \u00fcber die Lippe-Aue in den Kreisen Soest, Unna und Wesel bis zum Perlenbachtal in der Eifel. Von den Heidefl\u00e4chen im Brachter Wald (Kreis Viersen) bis zu Magerrasen im Sauerland.<br \/>\nIn der Heimat- und Kulturpflege gibt es ein breit gef\u00e4chertes Engagement f\u00fcr kleinere und mittlere Baudenkm\u00e4ler mit kultur-, sozial- und wirtschaftsgeschichtlicher Bedeutung. Dazu geh\u00f6ren beispielsweise denkmalgesch\u00fctzte M\u00fchlen, historische Hofanlagen oder F\u00f6rdert\u00fcrme ehemaliger Zechenanlagen, die als weithin sichtbare Wahrzeichen Geschichte anschaulich machen. Daneben engagiert sich die NRW-Stiftung aber auch bei landesweit einmaligen Einrichtungen wie beim Museum der Deutschen Binnenschifffahrt in Duisburg, dem Krippenmuseum in Telgte oder dem Deutschen Glasmalerei-Museum im rheinischen Linnich. Zu den gr\u00f6\u00dften Aufgaben bislang geh\u00f6rt sicherlich das Engagement bei der Restaurierung von Schloss Drachenburg in K\u00f6nigswinter am Rhein.<\/p>\n<p>In ihren Themenfeldern arbeitet die NRW-Stiftung partnerschaftlich mit Vereinen, Verb\u00e4nden und Organisationen zusammen, die im Sinne des Stiftungszweckes t\u00e4tig sind.<\/p>\n<p>Ein weiterer, wichtiger Partner ist die Westdeutsche Lotterie GmbH. Denn finanzielle Basis der NRW-Stiftung sind neben dem Stiftungskapital vor allem die Ertr\u00e4ge aus dem Verkauf der Rubbel- und Aufrei\u00dflose in NRW. Hinzu kommen Mitgliedsbeitr\u00e4ge und Spenden, mit denen die Mitglieder des F\u00f6rdervereins NRW-Stiftung die Ziele der Nordrhein-Westfalen-Stiftung unterst\u00fctzen.<\/p>\n<p> Seit ihrer Gr\u00fcndung 1986 konnte die NRW-Stiftung \u00fcber 245 Mio. EUR zur Unterst\u00fctzung von insgesamt 2.600 Projekten im Naturschutz und in der Heimat- und Kulturpflege in Nordrhein-Westfalen beisteuern (Stand: Oktober 2014). <\/p>\n<p>Seit dem Jahr 2016 ist die NRW-Stiftung auch F\u00f6rderer des Heimatvereins Kutenhausen von 1989 e.V. und unterst\u00fctzt diesen mit 5.000 Euro f\u00fcr die Anschaffung neuer St\u00fchle f\u00fcr das historische Heimathaus Kutenhausen.<\/p>\n<p><a href=\"http:\/\/www.nrw-stiftung.de\" target=\"_blank\">www.nrw-stiftung.de<\/a><\/p>\n","protected":false},"excerpt":{"rendered":"<p>Die NRW-Stiftung: F\u00f6rderer des Heimatvereins Kutenhausen Nordrhein-Westfalen ist etwas Besonderes: Vom Hochsauerland bis zur niederrheinischen Tiefebene sind seine Regionen vielf\u00e4ltig. Menschen und Landschaften, Bauwerke, Kultur und Sprache machen das Land unverwechselbar. Vielen Menschen in NRW ist ihre Heimat ein &#8222;Zuhause&#8220;, &hellip; <a href=\"https:\/\/kutenhausen.de\/?page_id=395\">Weiterlesen <span class=\"meta-nav\">&rarr;<\/span><\/a><\/p>\n","protected":false},"author":1,"featured_media":0,"parent":0,"menu_order":8,"comment_status":"closed","ping_status":"closed","template":"","meta":{"footnotes":""},"class_list":["post-395","page","type-page","status-publish","hentry"],"_links":{"self":[{"href":"https:\/\/kutenhausen.de\/index.php?rest_route=\/wp\/v2\/pages\/395","targetHints":{"allow":["GET"]}}],"collection":[{"href":"https:\/\/kutenhausen.de\/index.php?rest_route=\/wp\/v2\/pages"}],"about":[{"href":"https:\/\/kutenhausen.de\/index.php?rest_route=\/wp\/v2\/types\/page"}],"author":[{"embeddable":true,"href":"https:\/\/kutenhausen.de\/index.php?rest_route=\/wp\/v2\/users\/1"}],"replies":[{"embeddable":true,"href":"https:\/\/kutenhausen.de\/index.php?rest_route=%2Fwp%2Fv2%2Fcomments&post=395"}],"version-history":[{"count":1,"href":"https:\/\/kutenhausen.de\/index.php?rest_route=\/wp\/v2\/pages\/395\/revisions"}],"predecessor-version":[{"id":396,"href":"https:\/\/kutenhausen.de\/index.php?rest_route=\/wp\/v2\/pages\/395\/revisions\/396"}],"wp:attachment":[{"href":"https:\/\/kutenhausen.de\/index.php?rest_route=%2Fwp%2Fv2%2Fmedia&parent=395"}],"curies":[{"name":"wp","href":"https:\/\/api.w.org\/{rel}","templated":true}]}}