{"id":63,"date":"2014-10-19T11:47:28","date_gmt":"2014-10-19T09:47:28","guid":{"rendered":"http:\/\/kutenhausen.de\/?page_id=63"},"modified":"2026-03-28T18:47:13","modified_gmt":"2026-03-28T17:47:13","slug":"vorstasnd","status":"publish","type":"page","link":"https:\/\/kutenhausen.de\/?page_id=63","title":{"rendered":"Vorstand"},"content":{"rendered":"<p>Die F\u00fchrung des Heimatvereins liegt in den H\u00e4nden des Vereinsvorstands, der alle zwei Jahre von der Mitgliederversammlung gew\u00e4hlt wird. Vertreter des Vereins nach BGB ist der 1. Vorsitzende, bei seiner Verhinderung der stellv. Vorsitzende.<\/p>\n<p><strong>1. Vorsitzender<\/strong><\/p>\n<p>Andr\u00e9 Gerling<\/p>\n<p>Kreiensal 6, 32425 Minden<\/p>\n<p><strong>Stellvertretender Vorsitzender<\/strong><\/p>\n<p>Friedrich Rodenberg<\/p>\n<p>Wasserstra\u00dfe 1, 32425 Minden<\/p>\n<p><strong>Kassiererin<\/strong><\/p>\n<p>Ute Borgmann<\/p>\n<p>Diekstra\u00dfe 5, 32425 Minden<\/p>\n<p><strong>stellv. Kassiererin<\/strong><\/p>\n<p>Annemarie Gerling<\/p>\n<p>Kreiensal 6, 32425 Minden<\/p>\n<p><strong>Schriftf\u00fchrer<\/strong><\/p>\n<p>Volker Rohlfing<\/p>\n<p>Imhoffstra\u00dfe 1b, 32425 Minden<\/p>\n<p><strong>stellv. Schriftf\u00fchrerin<\/strong><\/p>\n<p>Birgitt Keil<\/p>\n<p>Kutenhauser Dorfstra\u00dfe 48, 32425 Minden<\/p>\n<p><strong>Beisitzer<\/strong><\/p>\n<p>Heike Hergert (Ortsheimatpflegerin)<\/p>\n<p>Kutenhauser Dorfstra\u00dfe 39, 32425 Minden<\/p>\n<p>Stephanie Rodenberg<\/p>\n<p>Wasserstra\u00dfe 1, 32425 Minden<\/p>\n<p>Sebastian Foerster<\/p>\n<p>Klaus Kasper<\/p>\n<p>Torfweg 17, 32425 Minden<\/p>\n\n\n<p><strong>Satzung des Heimatvereins Kutenhausen von 1989 e.V.<\/strong> <\/p>\n\n\n\n<div class=\"wp-block-file\"><a id=\"wp-block-file--media-33104443-4a9f-400e-92e9-bf04357deebf\" href=\"https:\/\/kutenhausen.de\/wp-content\/uploads\/2020\/02\/Satzung-HV-Stand-100318.pdf\">Satzung-HV-Stand-100318<\/a><a href=\"https:\/\/kutenhausen.de\/wp-content\/uploads\/2020\/02\/Satzung-HV-Stand-100318.pdf\" class=\"wp-block-file__button wp-element-button\" download aria-describedby=\"wp-block-file--media-33104443-4a9f-400e-92e9-bf04357deebf\">Herunterladen<\/a><\/div>\n\n\n\n<p><\/p>\n","protected":false},"excerpt":{"rendered":"<p>Die F\u00fchrung des Heimatvereins liegt in den H\u00e4nden des Vereinsvorstands, der alle zwei Jahre von der Mitgliederversammlung gew\u00e4hlt wird. Vertreter des Vereins nach BGB ist der 1. Vorsitzende, bei seiner Verhinderung der stellv. Vorsitzende. 1. Vorsitzender Andr\u00e9 Gerling Kreiensal 6, &hellip; <a href=\"https:\/\/kutenhausen.de\/?page_id=63\">Weiterlesen <span class=\"meta-nav\">&rarr;<\/span><\/a><\/p>\n","protected":false},"author":1,"featured_media":0,"parent":58,"menu_order":1,"comment_status":"closed","ping_status":"closed","template":"sidebar-page.php","meta":{"footnotes":""},"class_list":["post-63","page","type-page","status-publish","hentry"],"_links":{"self":[{"href":"https:\/\/kutenhausen.de\/index.php?rest_route=\/wp\/v2\/pages\/63","targetHints":{"allow":["GET"]}}],"collection":[{"href":"https:\/\/kutenhausen.de\/index.php?rest_route=\/wp\/v2\/pages"}],"about":[{"href":"https:\/\/kutenhausen.de\/index.php?rest_route=\/wp\/v2\/types\/page"}],"author":[{"embeddable":true,"href":"https:\/\/kutenhausen.de\/index.php?rest_route=\/wp\/v2\/users\/1"}],"replies":[{"embeddable":true,"href":"https:\/\/kutenhausen.de\/index.php?rest_route=%2Fwp%2Fv2%2Fcomments&post=63"}],"version-history":[{"count":18,"href":"https:\/\/kutenhausen.de\/index.php?rest_route=\/wp\/v2\/pages\/63\/revisions"}],"predecessor-version":[{"id":2043,"href":"https:\/\/kutenhausen.de\/index.php?rest_route=\/wp\/v2\/pages\/63\/revisions\/2043"}],"up":[{"embeddable":true,"href":"https:\/\/kutenhausen.de\/index.php?rest_route=\/wp\/v2\/pages\/58"}],"wp:attachment":[{"href":"https:\/\/kutenhausen.de\/index.php?rest_route=%2Fwp%2Fv2%2Fmedia&parent=63"}],"curies":[{"name":"wp","href":"https:\/\/api.w.org\/{rel}","templated":true}]}}