{"id":84,"date":"2014-10-19T12:06:10","date_gmt":"2014-10-19T10:06:10","guid":{"rendered":"http:\/\/kutenhausen.de\/?page_id=84"},"modified":"2018-03-07T22:49:45","modified_gmt":"2018-03-07T21:49:45","slug":"knobelrunde","status":"publish","type":"page","link":"https:\/\/kutenhausen.de\/?page_id=84","title":{"rendered":"Knobelrunde"},"content":{"rendered":"<p>Die Knobelrunde ist ein lockerer Zusammenschluss von M\u00e4nnern, die sich regelm\u00e4\u00dfig im Heimathaus zum Knobeln und geselligen Zusammensein treffen.<br \/>\nZu den regelm\u00e4\u00dfigen Veranstaltungen geh\u00f6ren auch das &#8222;Schmullessen&#8220; und gemeinsame Ausfl\u00fcge.<\/p>\n<p>Einige Impressionen aus den vergangenen Jahren:<\/p>\n<p>[ngg_images source=&#8220;galleries&#8220; container_ids=&#8220;23&#8243; display_type=&#8220;photocrati-nextgen_basic_slideshow&#8220; gallery_width=&#8220;600&#8243; gallery_height=&#8220;400&#8243; cycle_effect=&#8220;fade&#8220; cycle_interval=&#8220;8&#8243; show_thumbnail_link=&#8220;1&#8243; thumbnail_link_text=&#8220;&#91;Show thumbnails&#93;&#8220; order_by=&#8220;sortorder&#8220; order_direction=&#8220;ASC&#8220; returns=&#8220;included&#8220; maximum_entity_count=&#8220;500&#8243;]<\/p>\n","protected":false},"excerpt":{"rendered":"<p>Die Knobelrunde ist ein lockerer Zusammenschluss von M\u00e4nnern, die sich regelm\u00e4\u00dfig im Heimathaus zum Knobeln und geselligen Zusammensein treffen. Zu den regelm\u00e4\u00dfigen Veranstaltungen geh\u00f6ren auch das &#8222;Schmullessen&#8220; und gemeinsame Ausfl\u00fcge. Einige Impressionen aus den vergangenen Jahren: [ngg_images source=&#8220;galleries&#8220; container_ids=&#8220;23&#8243; display_type=&#8220;photocrati-nextgen_basic_slideshow&#8220; &hellip; <a href=\"https:\/\/kutenhausen.de\/?page_id=84\">Weiterlesen <span class=\"meta-nav\">&rarr;<\/span><\/a><\/p>\n","protected":false},"author":1,"featured_media":0,"parent":72,"menu_order":0,"comment_status":"closed","ping_status":"closed","template":"","meta":{"footnotes":""},"class_list":["post-84","page","type-page","status-publish","hentry"],"_links":{"self":[{"href":"https:\/\/kutenhausen.de\/index.php?rest_route=\/wp\/v2\/pages\/84","targetHints":{"allow":["GET"]}}],"collection":[{"href":"https:\/\/kutenhausen.de\/index.php?rest_route=\/wp\/v2\/pages"}],"about":[{"href":"https:\/\/kutenhausen.de\/index.php?rest_route=\/wp\/v2\/types\/page"}],"author":[{"embeddable":true,"href":"https:\/\/kutenhausen.de\/index.php?rest_route=\/wp\/v2\/users\/1"}],"replies":[{"embeddable":true,"href":"https:\/\/kutenhausen.de\/index.php?rest_route=%2Fwp%2Fv2%2Fcomments&post=84"}],"version-history":[{"count":4,"href":"https:\/\/kutenhausen.de\/index.php?rest_route=\/wp\/v2\/pages\/84\/revisions"}],"predecessor-version":[{"id":1185,"href":"https:\/\/kutenhausen.de\/index.php?rest_route=\/wp\/v2\/pages\/84\/revisions\/1185"}],"up":[{"embeddable":true,"href":"https:\/\/kutenhausen.de\/index.php?rest_route=\/wp\/v2\/pages\/72"}],"wp:attachment":[{"href":"https:\/\/kutenhausen.de\/index.php?rest_route=%2Fwp%2Fv2%2Fmedia&parent=84"}],"curies":[{"name":"wp","href":"https:\/\/api.w.org\/{rel}","templated":true}]}}