{"id":96,"date":"2014-10-19T12:37:02","date_gmt":"2014-10-19T10:37:02","guid":{"rendered":"http:\/\/kutenhausen.de\/?page_id=96"},"modified":"2019-06-03T17:00:57","modified_gmt":"2019-06-03T15:00:57","slug":"altes-spritzenhaus","status":"publish","type":"page","link":"https:\/\/kutenhausen.de\/?page_id=96","title":{"rendered":"Altes Spritzenhaus \/ Dorfwerkstatt"},"content":{"rendered":"<p>Das ehemalige Spritzenhaus der Gemeinde Kutenhausen wurde von der Gemeinde im Jahr 1924 an das vorhandene Stallgeb\u00e4ude angebaut. Ab 1955 war in dem Geb\u00e4ude auch der gemeindeeigene Leichenwagen untergebracht.<br \/>\nNach einem finanziell von der Stadt Minden unterst\u00fczten Umbau im Jahr 2001 hat der Heimatverein in dem Geb\u00e4ude eine Dorfwerkstatt eingerichtet.<\/p>\n<p>[ngg_images source=&#8220;galleries&#8220; container_ids=&#8220;15&#8243; display_type=&#8220;photocrati-nextgen_basic_slideshow&#8220; gallery_width=&#8220;600&#8243; gallery_height=&#8220;400&#8243; cycle_effect=&#8220;fade&#8220; cycle_interval=&#8220;8&#8243; show_thumbnail_link=&#8220;1&#8243; thumbnail_link_text=&#8220;[Show thumbnails]&#8220; order_by=&#8220;sortorder&#8220; order_direction=&#8220;ASC&#8220; returns=&#8220;included&#8220; maximum_entity_count=&#8220;500&#8243;]<\/p>\n","protected":false},"excerpt":{"rendered":"<p>Das ehemalige Spritzenhaus der Gemeinde Kutenhausen wurde von der Gemeinde im Jahr 1924 an das vorhandene Stallgeb\u00e4ude angebaut. Ab 1955 war in dem Geb\u00e4ude auch der gemeindeeigene Leichenwagen untergebracht. Nach einem finanziell von der Stadt Minden unterst\u00fczten Umbau im Jahr &hellip; <a href=\"https:\/\/kutenhausen.de\/?page_id=96\">Weiterlesen <span class=\"meta-nav\">&rarr;<\/span><\/a><\/p>\n","protected":false},"author":1,"featured_media":0,"parent":86,"menu_order":5,"comment_status":"closed","ping_status":"closed","template":"","meta":{"footnotes":""},"class_list":["post-96","page","type-page","status-publish","hentry"],"_links":{"self":[{"href":"https:\/\/kutenhausen.de\/index.php?rest_route=\/wp\/v2\/pages\/96","targetHints":{"allow":["GET"]}}],"collection":[{"href":"https:\/\/kutenhausen.de\/index.php?rest_route=\/wp\/v2\/pages"}],"about":[{"href":"https:\/\/kutenhausen.de\/index.php?rest_route=\/wp\/v2\/types\/page"}],"author":[{"embeddable":true,"href":"https:\/\/kutenhausen.de\/index.php?rest_route=\/wp\/v2\/users\/1"}],"replies":[{"embeddable":true,"href":"https:\/\/kutenhausen.de\/index.php?rest_route=%2Fwp%2Fv2%2Fcomments&post=96"}],"version-history":[{"count":3,"href":"https:\/\/kutenhausen.de\/index.php?rest_route=\/wp\/v2\/pages\/96\/revisions"}],"predecessor-version":[{"id":1476,"href":"https:\/\/kutenhausen.de\/index.php?rest_route=\/wp\/v2\/pages\/96\/revisions\/1476"}],"up":[{"embeddable":true,"href":"https:\/\/kutenhausen.de\/index.php?rest_route=\/wp\/v2\/pages\/86"}],"wp:attachment":[{"href":"https:\/\/kutenhausen.de\/index.php?rest_route=%2Fwp%2Fv2%2Fmedia&parent=96"}],"curies":[{"name":"wp","href":"https:\/\/api.w.org\/{rel}","templated":true}]}}